{"id":1769,"date":"2023-09-08T18:27:51","date_gmt":"2023-09-08T18:27:51","guid":{"rendered":"https:\/\/ligadosantorosario.com\/?page_id=1769"},"modified":"2023-10-29T21:36:20","modified_gmt":"2023-10-29T21:36:20","slug":"verdades-esquecidas","status":"publish","type":"page","link":"https:\/\/ligadosantorosario.com\/?page_id=1769","title":{"rendered":"Verdades Esquecidas"},"content":{"rendered":"\t\t<div data-elementor-type=\"wp-page\" data-elementor-id=\"1769\" class=\"elementor elementor-1769\" data-elementor-post-type=\"page\">\n\t\t\t\t\t\t<section class=\"elementor-section elementor-top-section elementor-element elementor-element-7ebfdd1 elementor-section-boxed elementor-section-height-default elementor-section-height-default\" data-id=\"7ebfdd1\" data-element_type=\"section\">\n\t\t\t\t\t\t<div class=\"elementor-container elementor-column-gap-default\">\n\t\t\t\t\t<div class=\"elementor-column elementor-col-50 elementor-top-column elementor-element elementor-element-959ed3f\" data-id=\"959ed3f\" data-element_type=\"column\">\n\t\t\t<div class=\"elementor-widget-wrap elementor-element-populated\">\n\t\t\t\t\t\t<div class=\"elementor-element elementor-element-e4269de ekit-equal-height-enable elementor-widget elementor-widget-elementskit-image-box\" data-id=\"e4269de\" data-element_type=\"widget\" data-widget_type=\"elementskit-image-box.default\">\n\t\t\t\t<div class=\"elementor-widget-container\">\n\t\t\t<div class=\"ekit-wid-con\" >\n            <div class=\"elementskit-info-image-box ekit-image-box text-center style-modern\" >\n\n                <a href=\"https:\/\/ligadosantorosario.com\/?p=2857\">\n                <div class=\"elementskit-box-header image-box-img-center\">\n\n                    <img fetchpriority=\"high\" decoding=\"async\" width=\"300\" height=\"200\" src=\"https:\/\/ligadosantorosario.com\/wp-content\/uploads\/Estatua_saoPaulo_maior-300x200.jpg\" class=\"attachment-medium size-medium wp-image-2840\" alt=\"\" srcset=\"https:\/\/ligadosantorosario.com\/wp-content\/uploads\/Estatua_saoPaulo_maior-300x200.jpg 300w, https:\/\/ligadosantorosario.com\/wp-content\/uploads\/Estatua_saoPaulo_maior.jpg 540w\" sizes=\"(max-width: 300px) 100vw, 300px\" \/>\n                <\/div>\n                <\/a>\n                <div class=\"elementskit-box-body ekit-image-box-body\">\n                    <div class=\"elementskit-box-content ekit-image-box-body-inner\">\n                                                <h3 class=\"elementskit-info-box-title\">\n\n                        EXIST\u00caNCIA DO PURGAT\u00d3RIO\n                        \n                    <\/h3>\n                                                        <\/div>\n\n                                <div class=\"elementskit-box-footer\">\n                    <div class=\"box-footer\">\n                        <div class=\"btn-wraper\">\n                                                            <a href=\"https:\/\/ligadosantorosario.com\/?p=2857\" class=\"elementskit-btn whitespace--normal\">\n                                    \n                                    \n                                    Ir para a mat\u00e9ria                                <\/a>\n                                                        <\/div>\n                    <\/div>\n                <\/div>\n                            <\/div>\n            <\/div>\n    <\/div>\t\t<\/div>\n\t\t\t\t<\/div>\n\t\t\t\t\t<\/div>\n\t\t<\/div>\n\t\t\t\t<div class=\"elementor-column elementor-col-50 elementor-top-column elementor-element elementor-element-e9a3b6d\" data-id=\"e9a3b6d\" data-element_type=\"column\">\n\t\t\t<div class=\"elementor-widget-wrap elementor-element-populated\">\n\t\t\t\t\t\t<div class=\"elementor-element elementor-element-ad15ccc ekit-equal-height-enable elementor-widget elementor-widget-elementskit-image-box\" data-id=\"ad15ccc\" data-element_type=\"widget\" data-widget_type=\"elementskit-image-box.default\">\n\t\t\t\t<div class=\"elementor-widget-container\">\n\t\t\t<div class=\"ekit-wid-con\" >\n            <div class=\"elementskit-info-image-box ekit-image-box text-center style-modern\" >\n\n                <a href=\"https:\/\/ligadosantorosario.com\/?p=2836\">\n                <div class=\"elementskit-box-header image-box-img-center\">\n\n                    <img decoding=\"async\" width=\"300\" height=\"180\" src=\"https:\/\/ligadosantorosario.com\/wp-content\/uploads\/anjo_comtrombeta_maior-300x180.jpg\" class=\"attachment-medium size-medium wp-image-2841\" alt=\"\" srcset=\"https:\/\/ligadosantorosario.com\/wp-content\/uploads\/anjo_comtrombeta_maior-300x180.jpg 300w, https:\/\/ligadosantorosario.com\/wp-content\/uploads\/anjo_comtrombeta_maior.jpg 750w\" sizes=\"(max-width: 300px) 100vw, 300px\" \/>\n                <\/div>\n                <\/a>\n                <div class=\"elementskit-box-body ekit-image-box-body\">\n                    <div class=\"elementskit-box-content ekit-image-box-body-inner\">\n                                                <h3 class=\"elementskit-info-box-title\">\n\n                        Finados \u2013 \u201cnatal\u201d das almas do purgat\u00f3rio\n                        \n                    <\/h3>\n                                                        <\/div>\n\n                                <div class=\"elementskit-box-footer\">\n                    <div class=\"box-footer\">\n                        <div class=\"btn-wraper\">\n                                                            <a href=\"https:\/\/ligadosantorosario.com\/?p=2836\" class=\"elementskit-btn whitespace--normal\">\n                                    \n                                    \n                                    Ir para a mat\u00e9ria                                <\/a>\n                                                        <\/div>\n                    <\/div>\n                <\/div>\n                            <\/div>\n            <\/div>\n    <\/div>\t\t<\/div>\n\t\t\t\t<\/div>\n\t\t\t\t\t<\/div>\n\t\t<\/div>\n\t\t\t\t\t<\/div>\n\t\t<\/section>\n\t\t\t\t<section class=\"elementor-section elementor-top-section elementor-element elementor-element-8cb143b elementor-section-boxed elementor-section-height-default elementor-section-height-default\" data-id=\"8cb143b\" data-element_type=\"section\">\n\t\t\t\t\t\t<div class=\"elementor-container elementor-column-gap-default\">\n\t\t\t\t\t<div class=\"elementor-column elementor-col-50 elementor-top-column elementor-element elementor-element-041af48\" data-id=\"041af48\" data-element_type=\"column\">\n\t\t\t<div class=\"elementor-widget-wrap elementor-element-populated\">\n\t\t\t\t\t\t<div class=\"elementor-element elementor-element-7eac1a1 ekit-equal-height-enable elementor-widget elementor-widget-elementskit-image-box\" data-id=\"7eac1a1\" data-element_type=\"widget\" data-widget_type=\"elementskit-image-box.default\">\n\t\t\t\t<div class=\"elementor-widget-container\">\n\t\t\t<div class=\"ekit-wid-con\" >\n            <div class=\"elementskit-info-image-box ekit-image-box text-center style-modern\" >\n\n                <a href=\"https:\/\/ligadosantorosario.com\/?p=2022\">\n                <div class=\"elementskit-box-header image-box-img-center\">\n\n                    <img decoding=\"async\" width=\"241\" height=\"300\" src=\"https:\/\/ligadosantorosario.com\/wp-content\/uploads\/Saint_Bernard_Philippe_de_Champaigne_dapres_Saint_Etienne_du_Mont-241x300.jpg\" class=\"attachment-medium size-medium wp-image-2025\" alt=\"\" srcset=\"https:\/\/ligadosantorosario.com\/wp-content\/uploads\/Saint_Bernard_Philippe_de_Champaigne_dapres_Saint_Etienne_du_Mont-241x300.jpg 241w, https:\/\/ligadosantorosario.com\/wp-content\/uploads\/Saint_Bernard_Philippe_de_Champaigne_dapres_Saint_Etienne_du_Mont-824x1024.jpg 824w, https:\/\/ligadosantorosario.com\/wp-content\/uploads\/Saint_Bernard_Philippe_de_Champaigne_dapres_Saint_Etienne_du_Mont-768x954.jpg 768w, https:\/\/ligadosantorosario.com\/wp-content\/uploads\/Saint_Bernard_Philippe_de_Champaigne_dapres_Saint_Etienne_du_Mont.jpg 1200w\" sizes=\"(max-width: 241px) 100vw, 241px\" \/>\n                <\/div>\n                <\/a>\n                <div class=\"elementskit-box-body ekit-image-box-body\">\n                    <div class=\"elementskit-box-content ekit-image-box-body-inner\">\n                                                <h3 class=\"elementskit-info-box-title\">\n\n                        CRISTO V\u00ca COM AGRADO A VINGAN\u00c7A QUE SE FAZ CONTRA SEUS INIMIGOS\n                        \n                    <\/h3>\n                                                            <div class=\"elementskit-box-style-content\">\n                        Uma virtude esquecida: a fortaleza                    <\/div>\n                                    <\/div>\n\n                                <div class=\"elementskit-box-footer\">\n                    <div class=\"box-footer\">\n                        <div class=\"btn-wraper\">\n                                                            <a href=\"https:\/\/ligadosantorosario.com\/?p=2022\" class=\"elementskit-btn whitespace--normal\">\n                                    \n                                    \n                                    Ir para a mat\u00e9ria                                <\/a>\n                                                        <\/div>\n                    <\/div>\n                <\/div>\n                            <\/div>\n            <\/div>\n    <\/div>\t\t<\/div>\n\t\t\t\t<\/div>\n\t\t\t\t\t<\/div>\n\t\t<\/div>\n\t\t\t\t<div class=\"elementor-column elementor-col-50 elementor-top-column elementor-element elementor-element-122d111\" data-id=\"122d111\" data-element_type=\"column\">\n\t\t\t<div class=\"elementor-widget-wrap elementor-element-populated\">\n\t\t\t\t\t\t<div class=\"elementor-element elementor-element-643ed2b ekit-equal-height-enable elementor-widget elementor-widget-elementskit-image-box\" data-id=\"643ed2b\" data-element_type=\"widget\" data-widget_type=\"elementskit-image-box.default\">\n\t\t\t\t<div class=\"elementor-widget-container\">\n\t\t\t<div class=\"ekit-wid-con\" >\n            <div class=\"elementskit-info-image-box ekit-image-box text-center style-modern\" >\n\n                <a href=\"https:\/\/ligadosantorosario.com\/?p=2631\">\n                <div class=\"elementskit-box-header image-box-img-center\">\n\n                    <img decoding=\"async\" width=\"241\" height=\"300\" src=\"https:\/\/ligadosantorosario.com\/wp-content\/uploads\/Saint_Bernard_Philippe_de_Champaigne_dapres_Saint_Etienne_du_Mont-241x300.jpg\" class=\"attachment-medium size-medium wp-image-2025\" alt=\"\" srcset=\"https:\/\/ligadosantorosario.com\/wp-content\/uploads\/Saint_Bernard_Philippe_de_Champaigne_dapres_Saint_Etienne_du_Mont-241x300.jpg 241w, https:\/\/ligadosantorosario.com\/wp-content\/uploads\/Saint_Bernard_Philippe_de_Champaigne_dapres_Saint_Etienne_du_Mont-824x1024.jpg 824w, https:\/\/ligadosantorosario.com\/wp-content\/uploads\/Saint_Bernard_Philippe_de_Champaigne_dapres_Saint_Etienne_du_Mont-768x954.jpg 768w, https:\/\/ligadosantorosario.com\/wp-content\/uploads\/Saint_Bernard_Philippe_de_Champaigne_dapres_Saint_Etienne_du_Mont.jpg 1200w\" sizes=\"(max-width: 241px) 100vw, 241px\" \/>\n                <\/div>\n                <\/a>\n                <div class=\"elementskit-box-body ekit-image-box-body\">\n                    <div class=\"elementskit-box-content ekit-image-box-body-inner\">\n                                                <h3 class=\"elementskit-info-box-title\">\n\n                        Como se devem desmascarar os inimigos internos da Igreja\n                        \n                    <\/h3>\n                                                            <div class=\"elementskit-box-style-content\">\n                        Uma virtude oportuna: a franqueza apost\u00f3lica                    <\/div>\n                                    <\/div>\n\n                                <div class=\"elementskit-box-footer\">\n                    <div class=\"box-footer\">\n                        <div class=\"btn-wraper\">\n                                                            <a href=\"https:\/\/ligadosantorosario.com\/?p=2631\" class=\"elementskit-btn whitespace--normal\">\n                                    \n                                    \n                                    Ir para a mat\u00e9ria                                <\/a>\n                                                        <\/div>\n                    <\/div>\n                <\/div>\n                            <\/div>\n            <\/div>\n    <\/div>\t\t<\/div>\n\t\t\t\t<\/div>\n\t\t\t\t\t<\/div>\n\t\t<\/div>\n\t\t\t\t\t<\/div>\n\t\t<\/section>\n\t\t\t\t<section class=\"elementor-section elementor-top-section elementor-element elementor-element-7d4bed4 elementor-section-boxed elementor-section-height-default elementor-section-height-default\" data-id=\"7d4bed4\" data-element_type=\"section\">\n\t\t\t\t\t\t<div class=\"elementor-container elementor-column-gap-default\">\n\t\t\t\t\t<div class=\"elementor-column elementor-col-50 elementor-top-column elementor-element elementor-element-68e037b\" data-id=\"68e037b\" data-element_type=\"column\">\n\t\t\t<div class=\"elementor-widget-wrap elementor-element-populated\">\n\t\t\t\t\t\t<div class=\"elementor-element elementor-element-2773150 ekit-equal-height-enable elementor-widget elementor-widget-elementskit-image-box\" data-id=\"2773150\" data-element_type=\"widget\" data-widget_type=\"elementskit-image-box.default\">\n\t\t\t\t<div class=\"elementor-widget-container\">\n\t\t\t<div class=\"ekit-wid-con\" >\n            <div class=\"elementskit-info-image-box ekit-image-box text-center style-modern\" >\n\n                <a href=\"https:\/\/ligadosantorosario.com\/?p=1801\">\n                <div class=\"elementskit-box-header image-box-img-center\">\n\n                    <img loading=\"lazy\" decoding=\"async\" width=\"240\" height=\"300\" src=\"https:\/\/ligadosantorosario.com\/wp-content\/uploads\/01-28-sao-tomas-d-aquino.jpg\" class=\"attachment-medium size-medium wp-image-1806\" alt=\"\" \/>\n                <\/div>\n                <\/a>\n                <div class=\"elementskit-box-body ekit-image-box-body\">\n                    <div class=\"elementskit-box-content ekit-image-box-body-inner\">\n                                                <h3 class=\"elementskit-info-box-title\">\n\n                        Verdades Esquecidas \u2013 O que merece mais apre\u00e7o: os milagres ou a grandeza da doutrina? (S\u00e3o Tom\u00e1s de Aquino)\n                        \n                    <\/h3>\n                                                        <\/div>\n\n                                <div class=\"elementskit-box-footer\">\n                    <div class=\"box-footer\">\n                        <div class=\"btn-wraper\">\n                                                            <a href=\"https:\/\/ligadosantorosario.com\/?p=1801\" class=\"elementskit-btn whitespace--normal\">\n                                    \n                                    \n                                    Ir para a mat\u00e9ria                                <\/a>\n                                                        <\/div>\n                    <\/div>\n                <\/div>\n                            <\/div>\n            <\/div>\n    <\/div>\t\t<\/div>\n\t\t\t\t<\/div>\n\t\t\t\t\t<\/div>\n\t\t<\/div>\n\t\t\t\t<div class=\"elementor-column elementor-col-50 elementor-top-column elementor-element elementor-element-ebd8958\" data-id=\"ebd8958\" data-element_type=\"column\">\n\t\t\t<div class=\"elementor-widget-wrap elementor-element-populated\">\n\t\t\t\t\t\t<div class=\"elementor-element elementor-element-569d540 ekit-equal-height-enable elementor-widget elementor-widget-elementskit-image-box\" data-id=\"569d540\" data-element_type=\"widget\" data-widget_type=\"elementskit-image-box.default\">\n\t\t\t\t<div class=\"elementor-widget-container\">\n\t\t\t<div class=\"ekit-wid-con\" >\n            <div class=\"elementskit-info-image-box ekit-image-box text-center style-modern\" >\n\n                <a href=\"https:\/\/ligadosantorosario.com\/?p=1850\">\n                <div class=\"elementskit-box-header image-box-img-center\">\n\n                    <img loading=\"lazy\" decoding=\"async\" width=\"300\" height=\"225\" src=\"https:\/\/ligadosantorosario.com\/wp-content\/uploads\/La_Grande_Chartreuse-300x225.jpg\" class=\"attachment-medium size-medium wp-image-1852\" alt=\"\" srcset=\"https:\/\/ligadosantorosario.com\/wp-content\/uploads\/La_Grande_Chartreuse-300x225.jpg 300w, https:\/\/ligadosantorosario.com\/wp-content\/uploads\/La_Grande_Chartreuse-1024x768.jpg 1024w, https:\/\/ligadosantorosario.com\/wp-content\/uploads\/La_Grande_Chartreuse-768x576.jpg 768w, https:\/\/ligadosantorosario.com\/wp-content\/uploads\/La_Grande_Chartreuse.jpg 1200w\" sizes=\"(max-width: 300px) 100vw, 300px\" \/>\n                <\/div>\n                <\/a>\n                <div class=\"elementskit-box-body ekit-image-box-body\">\n                    <div class=\"elementskit-box-content ekit-image-box-body-inner\">\n                                                <h3 class=\"elementskit-info-box-title\">\n\n                        Verdades Esquecidas: Perdoar as ofensas n\u00e3o importa  em cessar a luta\n                        \n                    <\/h3>\n                                                        <\/div>\n\n                                <div class=\"elementskit-box-footer\">\n                    <div class=\"box-footer\">\n                        <div class=\"btn-wraper\">\n                                                            <a href=\"https:\/\/ligadosantorosario.com\/?p=1850\" class=\"elementskit-btn whitespace--normal\">\n                                    \n                                    \n                                    Ir para a mat\u00e9ria                                <\/a>\n                                                        <\/div>\n                    <\/div>\n                <\/div>\n                            <\/div>\n            <\/div>\n    <\/div>\t\t<\/div>\n\t\t\t\t<\/div>\n\t\t\t\t\t<\/div>\n\t\t<\/div>\n\t\t\t\t\t<\/div>\n\t\t<\/section>\n\t\t\t\t<section class=\"elementor-section elementor-top-section elementor-element elementor-element-646b75c elementor-section-boxed elementor-section-height-default elementor-section-height-default\" data-id=\"646b75c\" data-element_type=\"section\">\n\t\t\t\t\t\t<div class=\"elementor-container elementor-column-gap-default\">\n\t\t\t\t\t<div class=\"elementor-column elementor-col-50 elementor-top-column elementor-element elementor-element-f286c6d\" data-id=\"f286c6d\" data-element_type=\"column\">\n\t\t\t<div class=\"elementor-widget-wrap elementor-element-populated\">\n\t\t\t\t\t\t<div class=\"elementor-element elementor-element-b56650b ekit-equal-height-enable elementor-widget elementor-widget-elementskit-image-box\" data-id=\"b56650b\" data-element_type=\"widget\" data-widget_type=\"elementskit-image-box.default\">\n\t\t\t\t<div class=\"elementor-widget-container\">\n\t\t\t<div class=\"ekit-wid-con\" >\n            <div class=\"elementskit-info-image-box ekit-image-box text-center style-modern\" >\n\n                <a href=\"https:\/\/ligadosantorosario.com\/?p=1787\">\n                <div class=\"elementskit-box-header image-box-img-center\">\n\n                    <img loading=\"lazy\" decoding=\"async\" width=\"199\" height=\"300\" src=\"https:\/\/ligadosantorosario.com\/wp-content\/uploads\/ssf-199x300.jpg\" class=\"attachment-medium size-medium wp-image-1388\" alt=\"\" srcset=\"https:\/\/ligadosantorosario.com\/wp-content\/uploads\/ssf-199x300.jpg 199w, https:\/\/ligadosantorosario.com\/wp-content\/uploads\/ssf.jpg 299w\" sizes=\"(max-width: 199px) 100vw, 199px\" \/>\n                <\/div>\n                <\/a>\n                <div class=\"elementskit-box-body ekit-image-box-body\">\n                    <div class=\"elementskit-box-content ekit-image-box-body-inner\">\n                                                <h3 class=\"elementskit-info-box-title\">\n\n                        Verdades Esquecidas: Necess\u00e1ria uma delicadeza como que virginal em mat\u00e9ria de doutrina (S\u00e3o Pio X)\n                        \n                    <\/h3>\n                                                        <\/div>\n\n                                <div class=\"elementskit-box-footer\">\n                    <div class=\"box-footer\">\n                        <div class=\"btn-wraper\">\n                                                            <a href=\"https:\/\/ligadosantorosario.com\/?p=1787\" class=\"elementskit-btn whitespace--normal\">\n                                    \n                                    \n                                    Ir para a mat\u00e9ria                                <\/a>\n                                                        <\/div>\n                    <\/div>\n                <\/div>\n                            <\/div>\n            <\/div>\n    <\/div>\t\t<\/div>\n\t\t\t\t<\/div>\n\t\t\t\t\t<\/div>\n\t\t<\/div>\n\t\t\t\t<div class=\"elementor-column elementor-col-50 elementor-top-column elementor-element elementor-element-534767e\" data-id=\"534767e\" data-element_type=\"column\">\n\t\t\t<div class=\"elementor-widget-wrap elementor-element-populated\">\n\t\t\t\t\t\t<div class=\"elementor-element elementor-element-730fce8 ekit-equal-height-enable elementor-widget elementor-widget-elementskit-image-box\" data-id=\"730fce8\" data-element_type=\"widget\" data-widget_type=\"elementskit-image-box.default\">\n\t\t\t\t<div class=\"elementor-widget-container\">\n\t\t\t<div class=\"ekit-wid-con\" >\n            <div class=\"elementskit-info-image-box ekit-image-box text-center simple-card\" >\n\n                <a href=\"https:\/\/ligadosantorosario.com\/?p=1774\">\n                <div class=\"elementskit-box-header image-box-img-center\">\n\n                    <img loading=\"lazy\" decoding=\"async\" width=\"240\" height=\"300\" src=\"https:\/\/ligadosantorosario.com\/wp-content\/uploads\/02-07-pio-ix.jpg\" class=\"attachment-medium size-medium wp-image-1781\" alt=\"\" \/>\n                <\/div>\n                <\/a>\n                <div class=\"elementskit-box-body ekit-image-box-body\">\n                    <div class=\"elementskit-box-content ekit-image-box-body-inner\">\n                                                <h3 class=\"elementskit-info-box-title\">\n\n                        Verdades Esquecidas: Aparentando amar e defender a Igreja, empenham-se em perverter-Lhe a doutrina\n                        \n                    <\/h3>\n                                                        <\/div>\n\n                                <div class=\"elementskit-box-footer\">\n                    <div class=\"box-footer\">\n                        <div class=\"btn-wraper\">\n                                                            <a href=\"https:\/\/ligadosantorosario.com\/?p=1774\" class=\"elementskit-btn whitespace--normal\">\n                                    \n                                    \n                                    Ir para a mat\u00e9ria                                <\/a>\n                                                        <\/div>\n                    <\/div>\n                <\/div>\n                            <\/div>\n            <\/div>\n    <\/div>\t\t<\/div>\n\t\t\t\t<\/div>\n\t\t\t\t\t<\/div>\n\t\t<\/div>\n\t\t\t\t\t<\/div>\n\t\t<\/section>\n\t\t\t\t<\/div>\n\t\t","protected":false},"excerpt":{"rendered":"<p>EXIST\u00caNCIA DO PURGAT\u00d3RIO Ir para a mat\u00e9ria Finados \u2013 \u201cnatal\u201d das almas do purgat\u00f3rio Ir para a mat\u00e9ria CRISTO V\u00ca COM AGRADO A VINGAN\u00c7A QUE SE FAZ CONTRA SEUS INIMIGOS Uma virtude esquecida: a fortaleza Ir para a mat\u00e9ria Como se devem desmascarar os inimigos internos da Igreja Uma virtude oportuna: a franqueza apost\u00f3lica Ir para a mat\u00e9ria Verdades Esquecidas \u2013 O que merece mais apre\u00e7o: os milagres ou a grandeza da doutrina? (S\u00e3o Tom\u00e1s de Aquino) Ir para a mat\u00e9ria Verdades Esquecidas: Perdoar as ofensas n\u00e3o importa em cessar a luta Ir para a mat\u00e9ria Verdades Esquecidas: Necess\u00e1ria uma&#8230;<\/p>\n","protected":false},"author":1,"featured_media":0,"parent":0,"menu_order":0,"comment_status":"closed","ping_status":"closed","template":"","meta":{"jetpack_post_was_ever_published":false,"footnotes":""},"jetpack_sharing_enabled":true,"_links":{"self":[{"href":"https:\/\/ligadosantorosario.com\/index.php?rest_route=\/wp\/v2\/pages\/1769"}],"collection":[{"href":"https:\/\/ligadosantorosario.com\/index.php?rest_route=\/wp\/v2\/pages"}],"about":[{"href":"https:\/\/ligadosantorosario.com\/index.php?rest_route=\/wp\/v2\/types\/page"}],"author":[{"embeddable":true,"href":"https:\/\/ligadosantorosario.com\/index.php?rest_route=\/wp\/v2\/users\/1"}],"replies":[{"embeddable":true,"href":"https:\/\/ligadosantorosario.com\/index.php?rest_route=%2Fwp%2Fv2%2Fcomments&post=1769"}],"version-history":[{"count":35,"href":"https:\/\/ligadosantorosario.com\/index.php?rest_route=\/wp\/v2\/pages\/1769\/revisions"}],"predecessor-version":[{"id":2878,"href":"https:\/\/ligadosantorosario.com\/index.php?rest_route=\/wp\/v2\/pages\/1769\/revisions\/2878"}],"wp:attachment":[{"href":"https:\/\/ligadosantorosario.com\/index.php?rest_route=%2Fwp%2Fv2%2Fmedia&parent=1769"}],"curies":[{"name":"wp","href":"https:\/\/api.w.org\/{rel}","templated":true}]}}