{"id":2474,"date":"2023-10-06T22:34:34","date_gmt":"2023-10-06T22:34:34","guid":{"rendered":"https:\/\/ligadosantorosario.com\/?page_id=2474"},"modified":"2024-04-25T15:30:19","modified_gmt":"2024-04-25T15:30:19","slug":"louvando-a-maria","status":"publish","type":"page","link":"https:\/\/ligadosantorosario.com\/?page_id=2474","title":{"rendered":"Louvando a Maria"},"content":{"rendered":"\t\t<div data-elementor-type=\"wp-page\" data-elementor-id=\"2474\" class=\"elementor elementor-2474\" data-elementor-post-type=\"page\">\n\t\t\t\t\t\t<section class=\"elementor-section elementor-top-section elementor-element elementor-element-a07b1c1 elementor-section-boxed elementor-section-height-default elementor-section-height-default\" data-id=\"a07b1c1\" data-element_type=\"section\">\n\t\t\t\t\t\t<div class=\"elementor-container elementor-column-gap-default\">\n\t\t\t\t\t<div class=\"elementor-column elementor-col-100 elementor-top-column elementor-element elementor-element-cb1020f\" data-id=\"cb1020f\" data-element_type=\"column\">\n\t\t\t<div class=\"elementor-widget-wrap\">\n\t\t\t\t\t\t\t<\/div>\n\t\t<\/div>\n\t\t\t\t\t<\/div>\n\t\t<\/section>\n\t\t\t\t<section class=\"elementor-section elementor-top-section elementor-element elementor-element-5a11f57 elementor-section-boxed elementor-section-height-default elementor-section-height-default\" data-id=\"5a11f57\" data-element_type=\"section\">\n\t\t\t\t\t\t<div class=\"elementor-container elementor-column-gap-default\">\n\t\t\t\t\t<div class=\"elementor-column elementor-col-100 elementor-top-column elementor-element elementor-element-8357326\" data-id=\"8357326\" data-element_type=\"column\">\n\t\t\t<div class=\"elementor-widget-wrap\">\n\t\t\t\t\t\t\t<\/div>\n\t\t<\/div>\n\t\t\t\t\t<\/div>\n\t\t<\/section>\n\t\t\t\t<section class=\"elementor-section elementor-top-section elementor-element elementor-element-4163706 elementor-section-boxed elementor-section-height-default elementor-section-height-default\" data-id=\"4163706\" data-element_type=\"section\">\n\t\t\t\t\t\t<div class=\"elementor-container elementor-column-gap-default\">\n\t\t\t\t\t<div class=\"elementor-column elementor-col-100 elementor-top-column elementor-element elementor-element-e597dff\" data-id=\"e597dff\" data-element_type=\"column\">\n\t\t\t<div class=\"elementor-widget-wrap elementor-element-populated\">\n\t\t\t\t\t\t<div class=\"elementor-element elementor-element-452a357 elementor-widget elementor-widget-elementskit-image-box\" data-id=\"452a357\" data-element_type=\"widget\" data-widget_type=\"elementskit-image-box.default\">\n\t\t\t\t<div class=\"elementor-widget-container\">\n\t\t\t<div class=\"ekit-wid-con\" >\n            <div class=\"elementskit-info-image-box ekit-image-box text-center floating-style\" >\n\n                <a href=\"https:\/\/ligadosantorosario.com\/?p=5195\">\n                <div class=\"elementskit-box-header image-box-img-center\">\n\n                    <img fetchpriority=\"high\" decoding=\"async\" width=\"768\" height=\"879\" src=\"https:\/\/ligadosantorosario.com\/wp-content\/uploads\/Mater-Boni-Consilii-Genazzano-768x879.jpg\" class=\"attachment-medium_large size-medium_large wp-image-5143\" alt=\"\" srcset=\"https:\/\/ligadosantorosario.com\/wp-content\/uploads\/Mater-Boni-Consilii-Genazzano-768x879.jpg 768w, https:\/\/ligadosantorosario.com\/wp-content\/uploads\/Mater-Boni-Consilii-Genazzano-262x300.jpg 262w, https:\/\/ligadosantorosario.com\/wp-content\/uploads\/Mater-Boni-Consilii-Genazzano.jpg 895w\" sizes=\"(max-width: 768px) 100vw, 768px\" \/>\n                <\/div>\n                <\/a>\n                <div class=\"elementskit-box-body ekit-image-box-body\">\n                    <div class=\"elementskit-box-content ekit-image-box-body-inner\">\n                                                <h3 class=\"elementskit-info-box-title\">\n\n                        \n                            <i aria-hidden=\"true\" class=\"icon icon-review\"><\/i>\n                        NOSSA SENHORA DO BOM CONSELHO\n                        \n                    <\/h3>\n                                                        <\/div>\n\n                                <div class=\"elementskit-box-footer\">\n                    <div class=\"box-footer\">\n                        <div class=\"btn-wraper\">\n                                                            <a href=\"https:\/\/ligadosantorosario.com\/?p=5195\" class=\"elementskit-btn whitespace--normal\">\n                                    \n                                    \n                                    Ir para a mat\u00e9ria                                <\/a>\n                                                        <\/div>\n                    <\/div>\n                <\/div>\n                            <\/div>\n            <\/div>\n    <\/div>\t\t<\/div>\n\t\t\t\t<\/div>\n\t\t\t\t\t<\/div>\n\t\t<\/div>\n\t\t\t\t\t<\/div>\n\t\t<\/section>\n\t\t\t\t<section class=\"elementor-section elementor-top-section elementor-element elementor-element-1d64e03 elementor-section-boxed elementor-section-height-default elementor-section-height-default\" data-id=\"1d64e03\" data-element_type=\"section\">\n\t\t\t\t\t\t<div class=\"elementor-container elementor-column-gap-default\">\n\t\t\t\t\t<div class=\"elementor-column elementor-col-100 elementor-top-column elementor-element elementor-element-3c4b86e\" data-id=\"3c4b86e\" data-element_type=\"column\">\n\t\t\t<div class=\"elementor-widget-wrap elementor-element-populated\">\n\t\t\t\t\t\t<div class=\"elementor-element elementor-element-f1568ff ekit-equal-height-enable elementor-widget elementor-widget-elementskit-image-box\" data-id=\"f1568ff\" data-element_type=\"widget\" data-widget_type=\"elementskit-image-box.default\">\n\t\t\t\t<div class=\"elementor-widget-container\">\n\t\t\t<div class=\"ekit-wid-con\" >\n            <div class=\"elementskit-info-image-box ekit-image-box text-center style-modern\" >\n\n                <a href=\"https:\/\/ligadosantorosario.com\/?p=4343\">\n                <div class=\"elementskit-box-header image-box-img-center\">\n\n                    <img decoding=\"async\" width=\"598\" height=\"360\" src=\"https:\/\/ligadosantorosario.com\/wp-content\/uploads\/NossaSenhoraLaSalette_gde.jpg\" class=\"attachment-full size-full wp-image-4345\" alt=\"\" srcset=\"https:\/\/ligadosantorosario.com\/wp-content\/uploads\/NossaSenhoraLaSalette_gde.jpg 598w, https:\/\/ligadosantorosario.com\/wp-content\/uploads\/NossaSenhoraLaSalette_gde-300x181.jpg 300w\" sizes=\"(max-width: 598px) 100vw, 598px\" \/>\n                <\/div>\n                <\/a>\n                <div class=\"elementskit-box-body ekit-image-box-body\">\n                    <div class=\"elementskit-box-content ekit-image-box-body-inner\">\n                                                <h1 class=\"elementskit-info-box-title\">\n\n                        O segredo de la Salette\n                        \n                    <\/h1>\n                                                        <\/div>\n\n                                <div class=\"elementskit-box-footer\">\n                    <div class=\"box-footer\">\n                        <div class=\"btn-wraper\">\n                                                            <a href=\"https:\/\/ligadosantorosario.com\/?p=4343\" class=\"elementskit-btn whitespace--normal\">\n                                    \n                                    \n                                    Ir para a mat\u00e9ria                                <\/a>\n                                                        <\/div>\n                    <\/div>\n                <\/div>\n                            <\/div>\n            <\/div>\n    <\/div>\t\t<\/div>\n\t\t\t\t<\/div>\n\t\t\t\t\t<\/div>\n\t\t<\/div>\n\t\t\t\t\t<\/div>\n\t\t<\/section>\n\t\t\t\t<section class=\"elementor-section elementor-top-section elementor-element elementor-element-8adbfc3 elementor-section-boxed elementor-section-height-default elementor-section-height-default\" data-id=\"8adbfc3\" data-element_type=\"section\">\n\t\t\t\t\t\t<div class=\"elementor-container elementor-column-gap-default\">\n\t\t\t\t\t<div class=\"elementor-column elementor-col-100 elementor-top-column elementor-element elementor-element-370c6c0\" data-id=\"370c6c0\" data-element_type=\"column\">\n\t\t\t<div class=\"elementor-widget-wrap elementor-element-populated\">\n\t\t\t\t\t\t<div class=\"elementor-element elementor-element-991ef2b ekit-equal-height-disable elementor-widget elementor-widget-elementskit-image-box\" data-id=\"991ef2b\" data-element_type=\"widget\" data-widget_type=\"elementskit-image-box.default\">\n\t\t\t\t<div class=\"elementor-widget-container\">\n\t\t\t<div class=\"ekit-wid-con\" >\n            <div class=\"elementskit-info-image-box ekit-image-box text-center simple-card\" >\n\n                <a href=\"https:\/\/ligadosantorosario.com\/?p=3464\">\n                <div class=\"elementskit-box-header image-box-img-center\">\n\n                    <img decoding=\"async\" width=\"638\" height=\"360\" src=\"https:\/\/ligadosantorosario.com\/wp-content\/uploads\/Imaculada_Conceicao.jpg\" class=\"attachment-full size-full wp-image-3478\" alt=\"\" srcset=\"https:\/\/ligadosantorosario.com\/wp-content\/uploads\/Imaculada_Conceicao.jpg 638w, https:\/\/ligadosantorosario.com\/wp-content\/uploads\/Imaculada_Conceicao-300x169.jpg 300w\" sizes=\"(max-width: 638px) 100vw, 638px\" \/>\n                <\/div>\n                <\/a>\n                <div class=\"elementskit-box-body ekit-image-box-body\">\n                    <div class=\"elementskit-box-content ekit-image-box-body-inner\">\n                                                <h3 class=\"elementskit-info-box-title\">\n\n                        IMACULADA CONCEI\u00c7\u00c3O DE MARIA SANT\u00cdSSIMA\n                        \n                    <\/h3>\n                                                        <\/div>\n\n                                <div class=\"elementskit-box-footer\">\n                    <div class=\"box-footer\">\n                        <div class=\"btn-wraper\">\n                                                            <a href=\"https:\/\/ligadosantorosario.com\/?p=3464\" class=\"elementskit-btn whitespace--normal\">\n                                    \n                                    \n                                    Ir para a mat\u00e9ria                                <\/a>\n                                                        <\/div>\n                    <\/div>\n                <\/div>\n                            <\/div>\n            <\/div>\n    <\/div>\t\t<\/div>\n\t\t\t\t<\/div>\n\t\t\t\t\t<\/div>\n\t\t<\/div>\n\t\t\t\t\t<\/div>\n\t\t<\/section>\n\t\t\t\t<section class=\"elementor-section elementor-top-section elementor-element elementor-element-361ecfe elementor-section-boxed elementor-section-height-default elementor-section-height-default\" data-id=\"361ecfe\" data-element_type=\"section\">\n\t\t\t\t\t\t<div class=\"elementor-container elementor-column-gap-default\">\n\t\t\t\t\t<div class=\"elementor-column elementor-col-100 elementor-top-column elementor-element elementor-element-c3dba10\" data-id=\"c3dba10\" data-element_type=\"column\">\n\t\t\t<div class=\"elementor-widget-wrap elementor-element-populated\">\n\t\t\t\t\t\t<div class=\"elementor-element elementor-element-3e3350a ekit-equal-height-enable elementor-widget-tablet__width-initial elementor-widget elementor-widget-elementskit-image-box\" data-id=\"3e3350a\" data-element_type=\"widget\" data-widget_type=\"elementskit-image-box.default\">\n\t\t\t\t<div class=\"elementor-widget-container\">\n\t\t\t<div class=\"ekit-wid-con\" >\n            <div class=\"elementskit-info-image-box ekit-image-box text-center style-modern\" >\n\n                <a href=\"https:\/\/ligadosantorosario.com\/?p=3286\">\n                <div class=\"elementskit-box-header image-box-img-center\">\n\n                    <img loading=\"lazy\" decoding=\"async\" width=\"650\" height=\"669\" src=\"https:\/\/ligadosantorosario.com\/wp-content\/uploads\/Madonna-del-Miracolo_busto.jpg\" class=\"attachment-large size-large wp-image-3367\" alt=\"\" srcset=\"https:\/\/ligadosantorosario.com\/wp-content\/uploads\/Madonna-del-Miracolo_busto.jpg 650w, https:\/\/ligadosantorosario.com\/wp-content\/uploads\/Madonna-del-Miracolo_busto-291x300.jpg 291w\" sizes=\"(max-width: 650px) 100vw, 650px\" \/>\n                <\/div>\n                <\/a>\n                <div class=\"elementskit-box-body ekit-image-box-body\">\n                    <div class=\"elementskit-box-content ekit-image-box-body-inner\">\n                                                <h3 class=\"elementskit-info-box-title\">\n\n                        Nossa Senhora das Gra\u00e7as\n                        \n                    <\/h3>\n                                                        <\/div>\n\n                                <div class=\"elementskit-box-footer\">\n                    <div class=\"box-footer\">\n                        <div class=\"btn-wraper\">\n                                                            <a href=\"https:\/\/ligadosantorosario.com\/?p=3286\" class=\"elementskit-btn whitespace--normal\">\n                                    \n                                    \n                                    Ir para a mat\u00e9ria                                <\/a>\n                                                        <\/div>\n                    <\/div>\n                <\/div>\n                            <\/div>\n            <\/div>\n    <\/div>\t\t<\/div>\n\t\t\t\t<\/div>\n\t\t\t\t\t<\/div>\n\t\t<\/div>\n\t\t\t\t\t<\/div>\n\t\t<\/section>\n\t\t\t\t<section class=\"elementor-section elementor-top-section elementor-element elementor-element-02d314f elementor-section-boxed elementor-section-height-default elementor-section-height-default\" data-id=\"02d314f\" data-element_type=\"section\">\n\t\t\t\t\t\t<div class=\"elementor-container elementor-column-gap-default\">\n\t\t\t\t\t<div class=\"elementor-column elementor-col-100 elementor-top-column elementor-element elementor-element-51e5a38\" data-id=\"51e5a38\" data-element_type=\"column\">\n\t\t\t<div class=\"elementor-widget-wrap\">\n\t\t\t\t\t\t\t<\/div>\n\t\t<\/div>\n\t\t\t\t\t<\/div>\n\t\t<\/section>\n\t\t\t\t<section class=\"elementor-section elementor-top-section elementor-element elementor-element-18dd6fe elementor-section-boxed elementor-section-height-default elementor-section-height-default\" data-id=\"18dd6fe\" data-element_type=\"section\">\n\t\t\t\t\t\t<div class=\"elementor-container elementor-column-gap-default\">\n\t\t\t\t\t<div class=\"elementor-column elementor-col-100 elementor-top-column elementor-element elementor-element-2bebbb8\" data-id=\"2bebbb8\" data-element_type=\"column\">\n\t\t\t<div class=\"elementor-widget-wrap elementor-element-populated\">\n\t\t\t\t\t\t<div class=\"elementor-element elementor-element-8464676 ekit-equal-height-enable elementor-widget elementor-widget-elementskit-image-box\" data-id=\"8464676\" data-element_type=\"widget\" data-widget_type=\"elementskit-image-box.default\">\n\t\t\t\t<div class=\"elementor-widget-container\">\n\t\t\t<div class=\"ekit-wid-con\" >\n            <div class=\"elementskit-info-image-box ekit-image-box text-center style-modern\" >\n\n                <a href=\"https:\/\/ligadosantorosario.com\/?p=2406\">\n                <div class=\"elementskit-box-header image-box-img-center\">\n\n                    <img loading=\"lazy\" decoding=\"async\" width=\"612\" height=\"408\" src=\"https:\/\/ligadosantorosario.com\/wp-content\/uploads\/Aparecida.jpg\" class=\"attachment-full size-full wp-image-2560\" alt=\"\" srcset=\"https:\/\/ligadosantorosario.com\/wp-content\/uploads\/Aparecida.jpg 612w, https:\/\/ligadosantorosario.com\/wp-content\/uploads\/Aparecida-300x200.jpg 300w\" sizes=\"(max-width: 612px) 100vw, 612px\" \/>\n                <\/div>\n                <\/a>\n                <div class=\"elementskit-box-body ekit-image-box-body\">\n                    <div class=\"elementskit-box-content ekit-image-box-body-inner\">\n                                                <h3 class=\"elementskit-info-box-title\">\n\n                        Nossa Senhora Aparecida\n                        \n                    <\/h3>\n                                                        <\/div>\n\n                                <div class=\"elementskit-box-footer\">\n                    <div class=\"box-footer\">\n                        <div class=\"btn-wraper\">\n                                                            <a href=\"https:\/\/ligadosantorosario.com\/?p=2406\" class=\"elementskit-btn whitespace--normal\">\n                                    \n                                    \n                                    ir para a mat\u00e9ria                                <\/a>\n                                                        <\/div>\n                    <\/div>\n                <\/div>\n                            <\/div>\n            <\/div>\n    <\/div>\t\t<\/div>\n\t\t\t\t<\/div>\n\t\t\t\t\t<\/div>\n\t\t<\/div>\n\t\t\t\t\t<\/div>\n\t\t<\/section>\n\t\t\t\t<\/div>\n\t\t","protected":false},"excerpt":{"rendered":"<p>NOSSA SENHORA DO BOM CONSELHO Ir para a mat\u00e9ria O segredo de la Salette Ir para a mat\u00e9ria IMACULADA CONCEI\u00c7\u00c3O DE MARIA SANT\u00cdSSIMA Ir para a mat\u00e9ria Nossa Senhora das Gra\u00e7as Ir para a mat\u00e9ria Nossa Senhora Aparecida ir para a mat\u00e9ria<\/p>\n","protected":false},"author":1,"featured_media":0,"parent":0,"menu_order":0,"comment_status":"closed","ping_status":"closed","template":"","meta":{"jetpack_post_was_ever_published":false,"footnotes":""},"jetpack_sharing_enabled":true,"_links":{"self":[{"href":"https:\/\/ligadosantorosario.com\/index.php?rest_route=\/wp\/v2\/pages\/2474"}],"collection":[{"href":"https:\/\/ligadosantorosario.com\/index.php?rest_route=\/wp\/v2\/pages"}],"about":[{"href":"https:\/\/ligadosantorosario.com\/index.php?rest_route=\/wp\/v2\/types\/page"}],"author":[{"embeddable":true,"href":"https:\/\/ligadosantorosario.com\/index.php?rest_route=\/wp\/v2\/users\/1"}],"replies":[{"embeddable":true,"href":"https:\/\/ligadosantorosario.com\/index.php?rest_route=%2Fwp%2Fv2%2Fcomments&post=2474"}],"version-history":[{"count":141,"href":"https:\/\/ligadosantorosario.com\/index.php?rest_route=\/wp\/v2\/pages\/2474\/revisions"}],"predecessor-version":[{"id":5214,"href":"https:\/\/ligadosantorosario.com\/index.php?rest_route=\/wp\/v2\/pages\/2474\/revisions\/5214"}],"wp:attachment":[{"href":"https:\/\/ligadosantorosario.com\/index.php?rest_route=%2Fwp%2Fv2%2Fmedia&parent=2474"}],"curies":[{"name":"wp","href":"https:\/\/api.w.org\/{rel}","templated":true}]}}